{"id":215,"date":"2020-04-13T11:18:50","date_gmt":"2020-04-13T11:18:50","guid":{"rendered":"https:\/\/future-admin.com\/index.php\/services\/"},"modified":"2022-08-02T15:52:44","modified_gmt":"2022-08-02T13:52:44","slug":"services","status":"publish","type":"page","link":"https:\/\/future-admin.com\/index.php\/services\/","title":{"rendered":"Services"},"content":{"rendered":"\t\t<div data-elementor-type=\"wp-page\" data-elementor-id=\"215\" class=\"elementor elementor-215\" data-elementor-settings=\"[]\">\n\t\t\t\t\t\t\t<div class=\"elementor-section-wrap\">\n\t\t\t\t\t\t\t<section class=\"elementor-section elementor-top-section elementor-element elementor-element-1b0a5d33 elementor-section-boxed elementor-section-height-default elementor-section-height-default\" data-id=\"1b0a5d33\" data-element_type=\"section\" data-settings=\"{&quot;background_background&quot;:&quot;classic&quot;}\">\n\t\t\t\t\t\t\t<div class=\"elementor-background-overlay\"><\/div>\n\t\t\t\t\t\t\t<div class=\"elementor-container elementor-column-gap-default\">\n\t\t\t\t\t<div class=\"elementor-column elementor-col-100 elementor-top-column elementor-element elementor-element-1f841ba\" data-id=\"1f841ba\" data-element_type=\"column\">\n\t\t\t<div class=\"elementor-widget-wrap elementor-element-populated\">\n\t\t\t\t\t\t\t\t<div class=\"elementor-element elementor-element-365ba0bd elementor-widget elementor-widget-heading\" data-id=\"365ba0bd\" data-element_type=\"widget\" data-widget_type=\"heading.default\">\n\t\t\t\t<div class=\"elementor-widget-container\">\n\t\t\t<style>\/*! elementor - v3.5.6 - 28-02-2022 *\/\n.elementor-heading-title{padding:0;margin:0;line-height:1}.elementor-widget-heading .elementor-heading-title[class*=elementor-size-]>a{color:inherit;font-size:inherit;line-height:inherit}.elementor-widget-heading .elementor-heading-title.elementor-size-small{font-size:15px}.elementor-widget-heading .elementor-heading-title.elementor-size-medium{font-size:19px}.elementor-widget-heading .elementor-heading-title.elementor-size-large{font-size:29px}.elementor-widget-heading .elementor-heading-title.elementor-size-xl{font-size:39px}.elementor-widget-heading .elementor-heading-title.elementor-size-xxl{font-size:59px}<\/style><h1 class=\"elementor-heading-title elementor-size-default\">Services<\/h1>\t\t<\/div>\n\t\t\t\t<\/div>\n\t\t\t\t\t<\/div>\n\t\t<\/div>\n\t\t\t\t\t\t\t<\/div>\n\t\t<\/section>\n\t\t\t\t<section class=\"elementor-section elementor-top-section elementor-element elementor-element-4d2c9e9 elementor-reverse-mobile elementor-section-boxed elementor-section-height-default elementor-section-height-default\" data-id=\"4d2c9e9\" data-element_type=\"section\">\n\t\t\t\t\t\t<div class=\"elementor-container elementor-column-gap-no\">\n\t\t\t\t\t<div class=\"elementor-column elementor-col-50 elementor-top-column elementor-element elementor-element-1148300\" data-id=\"1148300\" data-element_type=\"column\">\n\t\t\t<div class=\"elementor-widget-wrap elementor-element-populated\">\n\t\t\t\t\t\t\t\t<div class=\"elementor-element elementor-element-f142ca0 elementor-position-top elementor-vertical-align-top elementor-widget elementor-widget-image-box\" data-id=\"f142ca0\" data-element_type=\"widget\" data-widget_type=\"image-box.default\">\n\t\t\t\t<div class=\"elementor-widget-container\">\n\t\t\t<style>\/*! elementor - v3.5.6 - 28-02-2022 *\/\n.elementor-widget-image-box .elementor-image-box-content{width:100%}@media (min-width:768px){.elementor-widget-image-box.elementor-position-left .elementor-image-box-wrapper,.elementor-widget-image-box.elementor-position-right .elementor-image-box-wrapper{display:-webkit-box;display:-ms-flexbox;display:flex}.elementor-widget-image-box.elementor-position-right .elementor-image-box-wrapper{text-align:right;-webkit-box-orient:horizontal;-webkit-box-direction:reverse;-ms-flex-direction:row-reverse;flex-direction:row-reverse}.elementor-widget-image-box.elementor-position-left .elementor-image-box-wrapper{text-align:left;-webkit-box-orient:horizontal;-webkit-box-direction:normal;-ms-flex-direction:row;flex-direction:row}.elementor-widget-image-box.elementor-position-top .elementor-image-box-img{margin:auto}.elementor-widget-image-box.elementor-vertical-align-top .elementor-image-box-wrapper{-webkit-box-align:start;-ms-flex-align:start;align-items:flex-start}.elementor-widget-image-box.elementor-vertical-align-middle .elementor-image-box-wrapper{-webkit-box-align:center;-ms-flex-align:center;align-items:center}.elementor-widget-image-box.elementor-vertical-align-bottom .elementor-image-box-wrapper{-webkit-box-align:end;-ms-flex-align:end;align-items:flex-end}}@media (max-width:767px){.elementor-widget-image-box .elementor-image-box-img{margin-left:auto!important;margin-right:auto!important;margin-bottom:15px}}.elementor-widget-image-box .elementor-image-box-img{display:inline-block}.elementor-widget-image-box .elementor-image-box-title a{color:inherit}.elementor-widget-image-box .elementor-image-box-wrapper{text-align:center}.elementor-widget-image-box .elementor-image-box-description{margin:0}<\/style><div class=\"elementor-image-box-wrapper\"><div class=\"elementor-image-box-content\"><h2 class=\"elementor-image-box-title\">Services Administratifs<\/h2><p class=\"elementor-image-box-description\">Future-Admin propose un large panel de services administratifs. Allant de services de secr\u00e9tariat \u00e0 l'assistanat de direction ou encore assurer le relais entre les diff\u00e9rents d\u00e9partements internes ou externes.<br> \nNous nous adaptons en fonction des besoins de votre entreprise.<br><br>D\u00e9couvrez comment nos comp\u00e9tences peuvent all\u00e9ger votre charge de travail tout en augmentant l'efficacit\u00e9 de votre activit\u00e9 simplement en d\u00e9l\u00e9gant certaines de vos t\u00e2ches administratives.<\/p><\/div><\/div>\t\t<\/div>\n\t\t\t\t<\/div>\n\t\t\t\t<div class=\"elementor-element elementor-element-7334a220 elementor-widget elementor-widget-button\" data-id=\"7334a220\" data-element_type=\"widget\" data-widget_type=\"button.default\">\n\t\t\t\t<div class=\"elementor-widget-container\">\n\t\t\t\t\t<div class=\"elementor-button-wrapper\">\n\t\t\t<a href=\"https:\/\/future-admin.com\/index.php\/services-administratifs\" class=\"elementor-button-link elementor-button elementor-size-sm\" role=\"button\">\n\t\t\t\t\t\t<span class=\"elementor-button-content-wrapper\">\n\t\t\t\t\t\t<span class=\"elementor-button-text\">d\u00e9couvrir<\/span>\n\t\t<\/span>\n\t\t\t\t\t<\/a>\n\t\t<\/div>\n\t\t\t\t<\/div>\n\t\t\t\t<\/div>\n\t\t\t\t\t<\/div>\n\t\t<\/div>\n\t\t\t\t<div class=\"elementor-column elementor-col-50 elementor-top-column elementor-element elementor-element-7285665\" data-id=\"7285665\" data-element_type=\"column\">\n\t\t\t<div class=\"elementor-widget-wrap elementor-element-populated\">\n\t\t\t\t\t\t\t\t<div class=\"elementor-element elementor-element-508aa5f0 elementor-widget elementor-widget-image\" data-id=\"508aa5f0\" data-element_type=\"widget\" data-widget_type=\"image.default\">\n\t\t\t\t<div class=\"elementor-widget-container\">\n\t\t\t<style>\/*! elementor - v3.5.6 - 28-02-2022 *\/\n.elementor-widget-image{text-align:center}.elementor-widget-image a{display:inline-block}.elementor-widget-image a img[src$=\".svg\"]{width:48px}.elementor-widget-image img{vertical-align:middle;display:inline-block}<\/style>\t\t\t\t\t\t\t\t\t\t\t\t<img width=\"1024\" height=\"683\" src=\"https:\/\/future-admin.com\/wp-content\/uploads\/2022\/03\/pexels-vojtech-okenka-392018-1024x683.jpg\" class=\"attachment-large size-large\" alt=\"\" loading=\"lazy\" srcset=\"https:\/\/future-admin.com\/wp-content\/uploads\/2022\/03\/pexels-vojtech-okenka-392018-1024x683.jpg 1024w, https:\/\/future-admin.com\/wp-content\/uploads\/2022\/03\/pexels-vojtech-okenka-392018-300x200.jpg 300w, https:\/\/future-admin.com\/wp-content\/uploads\/2022\/03\/pexels-vojtech-okenka-392018-768x512.jpg 768w, https:\/\/future-admin.com\/wp-content\/uploads\/2022\/03\/pexels-vojtech-okenka-392018-1536x1024.jpg 1536w, https:\/\/future-admin.com\/wp-content\/uploads\/2022\/03\/pexels-vojtech-okenka-392018-2048x1365.jpg 2048w, https:\/\/future-admin.com\/wp-content\/uploads\/2022\/03\/pexels-vojtech-okenka-392018-scaled.jpg 1920w\" sizes=\"(max-width: 1024px) 100vw, 1024px\" \/>\t\t\t\t\t\t\t\t\t\t\t\t\t\t\t<\/div>\n\t\t\t\t<\/div>\n\t\t\t\t\t<\/div>\n\t\t<\/div>\n\t\t\t\t\t\t\t<\/div>\n\t\t<\/section>\n\t\t\t\t<section class=\"elementor-section elementor-top-section elementor-element elementor-element-9e09982 elementor-section-boxed elementor-section-height-default elementor-section-height-default\" data-id=\"9e09982\" data-element_type=\"section\">\n\t\t\t\t\t\t<div class=\"elementor-container elementor-column-gap-no\">\n\t\t\t\t\t<div class=\"elementor-column elementor-col-50 elementor-top-column elementor-element elementor-element-4b9de95\" data-id=\"4b9de95\" data-element_type=\"column\">\n\t\t\t<div class=\"elementor-widget-wrap elementor-element-populated\">\n\t\t\t\t\t\t\t\t<div class=\"elementor-element elementor-element-1fab74e0 elementor-widget elementor-widget-image\" data-id=\"1fab74e0\" data-element_type=\"widget\" data-widget_type=\"image.default\">\n\t\t\t\t<div class=\"elementor-widget-container\">\n\t\t\t\t\t\t\t\t\t\t\t\t\t\t\t<img width=\"1920\" height=\"1080\" src=\"https:\/\/future-admin.com\/wp-content\/uploads\/2022\/03\/pexels-mikechie-esparagoza-1601773-scaled-e1648747832995.jpg\" class=\"attachment-full size-full\" alt=\"\" loading=\"lazy\" \/>\t\t\t\t\t\t\t\t\t\t\t\t\t\t\t<\/div>\n\t\t\t\t<\/div>\n\t\t\t\t\t<\/div>\n\t\t<\/div>\n\t\t\t\t<div class=\"elementor-column elementor-col-50 elementor-top-column elementor-element elementor-element-ddc17dc\" data-id=\"ddc17dc\" data-element_type=\"column\">\n\t\t\t<div class=\"elementor-widget-wrap elementor-element-populated\">\n\t\t\t\t\t\t\t\t<div class=\"elementor-element elementor-element-5fd89a9 elementor-position-top elementor-vertical-align-top elementor-widget elementor-widget-image-box\" data-id=\"5fd89a9\" data-element_type=\"widget\" data-widget_type=\"image-box.default\">\n\t\t\t\t<div class=\"elementor-widget-container\">\n\t\t\t<div class=\"elementor-image-box-wrapper\"><div class=\"elementor-image-box-content\"><h2 class=\"elementor-image-box-title\">Graphisme et marketing<\/h2><p class=\"elementor-image-box-description\">Future-Admin vous emm\u00e8ne en voyage au travers de l'univers graphique. Toute cr\u00e9ation est unique et trouvera sa forme selon votre activit\u00e9, vos exigences et l'image que vous souhaitez exposer \u00e0 vos clients. <br> <br> \n\nL'image que d\u00e9gage votre entreprise au travers du visuel a un impacte certain pour votre entreprise.\n<br> <br> \nD\u00e9couvrez sans tarder notre d\u00e9partement Graphique et marketing.<\/p><\/div><\/div>\t\t<\/div>\n\t\t\t\t<\/div>\n\t\t\t\t<div class=\"elementor-element elementor-element-d6d9527 elementor-widget elementor-widget-button\" data-id=\"d6d9527\" data-element_type=\"widget\" data-widget_type=\"button.default\">\n\t\t\t\t<div class=\"elementor-widget-container\">\n\t\t\t\t\t<div class=\"elementor-button-wrapper\">\n\t\t\t<a href=\"https:\/\/future-admin.com\/index.php\/contact\/\" class=\"elementor-button-link elementor-button elementor-size-sm\" role=\"button\">\n\t\t\t\t\t\t<span class=\"elementor-button-content-wrapper\">\n\t\t\t\t\t\t<span class=\"elementor-button-text\">d\u00e9couvrir<\/span>\n\t\t<\/span>\n\t\t\t\t\t<\/a>\n\t\t<\/div>\n\t\t\t\t<\/div>\n\t\t\t\t<\/div>\n\t\t\t\t\t<\/div>\n\t\t<\/div>\n\t\t\t\t\t\t\t<\/div>\n\t\t<\/section>\n\t\t\t\t<section class=\"elementor-section elementor-top-section elementor-element elementor-element-6027d0f elementor-reverse-mobile elementor-section-boxed elementor-section-height-default elementor-section-height-default\" data-id=\"6027d0f\" data-element_type=\"section\">\n\t\t\t\t\t\t<div class=\"elementor-container elementor-column-gap-no\">\n\t\t\t\t\t<div class=\"elementor-column elementor-col-50 elementor-top-column elementor-element elementor-element-355c572\" data-id=\"355c572\" data-element_type=\"column\">\n\t\t\t<div class=\"elementor-widget-wrap elementor-element-populated\">\n\t\t\t\t\t\t\t\t<div class=\"elementor-element elementor-element-feeaa45 elementor-position-top elementor-vertical-align-top elementor-widget elementor-widget-image-box\" data-id=\"feeaa45\" data-element_type=\"widget\" data-widget_type=\"image-box.default\">\n\t\t\t\t<div class=\"elementor-widget-container\">\n\t\t\t<div class=\"elementor-image-box-wrapper\"><div class=\"elementor-image-box-content\"><h2 class=\"elementor-image-box-title\">Office management<\/h2><p class=\"elementor-image-box-description\">L'office management consiste \u00e0 g\u00e9rer les t\u00e2ches administratives plus pouss\u00e9es, que ce soit au niveau des assurances, banques ou encore pr\u00e9parer toutes les informations est documents pour le comptable.<br>Pr\u00e9parer en amont les documents pour une d\u00e9claration de TVA etc.<br>D\u00e9couvrez la liste non exhaustive en cliquant ci-dessous.<\/p><\/div><\/div>\t\t<\/div>\n\t\t\t\t<\/div>\n\t\t\t\t<div class=\"elementor-element elementor-element-882c271 elementor-widget elementor-widget-button\" data-id=\"882c271\" data-element_type=\"widget\" data-widget_type=\"button.default\">\n\t\t\t\t<div class=\"elementor-widget-container\">\n\t\t\t\t\t<div class=\"elementor-button-wrapper\">\n\t\t\t<a href=\"https:\/\/future-admin.com\/index.php\/contact\/\" class=\"elementor-button-link elementor-button elementor-size-sm\" role=\"button\">\n\t\t\t\t\t\t<span class=\"elementor-button-content-wrapper\">\n\t\t\t\t\t\t<span class=\"elementor-button-text\">D\u00e9couvrir<\/span>\n\t\t<\/span>\n\t\t\t\t\t<\/a>\n\t\t<\/div>\n\t\t\t\t<\/div>\n\t\t\t\t<\/div>\n\t\t\t\t\t<\/div>\n\t\t<\/div>\n\t\t\t\t<div class=\"elementor-column elementor-col-50 elementor-top-column elementor-element elementor-element-623a32c\" data-id=\"623a32c\" data-element_type=\"column\">\n\t\t\t<div class=\"elementor-widget-wrap elementor-element-populated\">\n\t\t\t\t\t\t\t\t<div class=\"elementor-element elementor-element-628e670 elementor-widget elementor-widget-image\" data-id=\"628e670\" data-element_type=\"widget\" data-widget_type=\"image.default\">\n\t\t\t\t<div class=\"elementor-widget-container\">\n\t\t\t\t\t\t\t\t\t\t\t\t\t\t\t<img width=\"836\" height=\"1024\" src=\"https:\/\/future-admin.com\/wp-content\/uploads\/2022\/03\/pexels-sora-shimazaki-5668839-836x1024.jpg\" class=\"attachment-large size-large\" alt=\"\" loading=\"lazy\" srcset=\"https:\/\/future-admin.com\/wp-content\/uploads\/2022\/03\/pexels-sora-shimazaki-5668839-836x1024.jpg 836w, https:\/\/future-admin.com\/wp-content\/uploads\/2022\/03\/pexels-sora-shimazaki-5668839-245x300.jpg 245w, https:\/\/future-admin.com\/wp-content\/uploads\/2022\/03\/pexels-sora-shimazaki-5668839-768x941.jpg 768w, https:\/\/future-admin.com\/wp-content\/uploads\/2022\/03\/pexels-sora-shimazaki-5668839-1254x1536.jpg 1254w, https:\/\/future-admin.com\/wp-content\/uploads\/2022\/03\/pexels-sora-shimazaki-5668839-1672x2048.jpg 1672w, https:\/\/future-admin.com\/wp-content\/uploads\/2022\/03\/pexels-sora-shimazaki-5668839-scaled.jpg 1568w\" sizes=\"(max-width: 836px) 100vw, 836px\" \/>\t\t\t\t\t\t\t\t\t\t\t\t\t\t\t<\/div>\n\t\t\t\t<\/div>\n\t\t\t\t\t<\/div>\n\t\t<\/div>\n\t\t\t\t\t\t\t<\/div>\n\t\t<\/section>\n\t\t\t\t\t\t<\/div>\n\t\t\t\t\t<\/div>\n\t\t","protected":false},"excerpt":{"rendered":"<p>Services Services Administratifs Future-Admin propose un large panel de services administratifs. Allant de services de secr\u00e9tariat \u00e0 l&rsquo;assistanat de direction ou encore assurer le relais entre les diff\u00e9rents d\u00e9partements internes ou externes. Nous nous adaptons en fonction des besoins de votre entreprise. D\u00e9couvrez comment nos comp\u00e9tences peuvent all\u00e9ger votre charge de travail tout en augmentant &hellip;<\/p>\n<p class=\"read-more\"> <a class=\"\" href=\"https:\/\/future-admin.com\/index.php\/services\/\"> <span class=\"screen-reader-text\">Services<\/span> Lire la suite\u00a0\u00bb<\/a><\/p>\n","protected":false},"author":1,"featured_media":0,"parent":0,"menu_order":0,"comment_status":"closed","ping_status":"closed","template":"","meta":{"site-sidebar-layout":"no-sidebar","site-content-layout":"page-builder","ast-main-header-display":"","ast-hfb-above-header-display":"","ast-hfb-below-header-display":"","ast-hfb-mobile-header-display":"","site-post-title":"disabled","ast-breadcrumbs-content":"","ast-featured-img":"","footer-sml-layout":"","theme-transparent-header-meta":"enabled","adv-header-id-meta":"","stick-header-meta":"","header-above-stick-meta":"","header-main-stick-meta":"","header-below-stick-meta":""},"yoast_head":"<!-- This site is optimized with the Yoast SEO plugin v18.4.1 - https:\/\/yoast.com\/wordpress\/plugins\/seo\/ -->\n<title>Services - assistante administrative ind\u00e9pendante<\/title>\n<meta name=\"description\" content=\"Services: assistance administrative \/ commerciale - services de soutien comptable - marketing et office management - secr\u00e9tariat\" \/>\n<meta name=\"robots\" content=\"index, follow, max-snippet:-1, max-image-preview:large, max-video-preview:-1\" \/>\n<link rel=\"canonical\" href=\"https:\/\/future-admin.com\/index.php\/services\/\" \/>\n<meta property=\"og:locale\" content=\"fr_FR\" \/>\n<meta property=\"og:type\" content=\"article\" \/>\n<meta property=\"og:title\" content=\"Services - assistante administrative ind\u00e9pendante\" \/>\n<meta property=\"og:description\" content=\"Services: assistance administrative \/ commerciale - services de soutien comptable - marketing et office management - secr\u00e9tariat\" \/>\n<meta property=\"og:url\" content=\"https:\/\/future-admin.com\/index.php\/services\/\" \/>\n<meta property=\"og:site_name\" content=\"assistante administrative ind\u00e9pendante\" \/>\n<meta property=\"article:modified_time\" content=\"2022-08-02T13:52:44+00:00\" \/>\n<meta property=\"og:image\" content=\"https:\/\/future-admin.com\/wp-content\/uploads\/2022\/03\/pexels-vojtech-okenka-392018-1024x683.jpg\" \/>\n<meta name=\"twitter:card\" content=\"summary_large_image\" \/>\n<meta name=\"twitter:label1\" content=\"Dur\u00e9e de lecture estim\u00e9e\" \/>\n\t<meta name=\"twitter:data1\" content=\"2 minutes\" \/>\n<script type=\"application\/ld+json\" class=\"yoast-schema-graph\">{\"@context\":\"https:\/\/schema.org\",\"@graph\":[{\"@type\":\"Organization\",\"@id\":\"https:\/\/future-admin.com\/#organization\",\"name\":\"Future-Admin\",\"url\":\"https:\/\/future-admin.com\/\",\"sameAs\":[],\"logo\":{\"@type\":\"ImageObject\",\"@id\":\"https:\/\/future-admin.com\/#logo\",\"inLanguage\":\"fr-FR\",\"url\":\"https:\/\/future-admin.com\/wp-content\/uploads\/2022\/03\/LOGO-BLUE3-e1648030855777.png\",\"contentUrl\":\"https:\/\/future-admin.com\/wp-content\/uploads\/2022\/03\/LOGO-BLUE3-e1648030855777.png\",\"width\":200,\"height\":202,\"caption\":\"Future-Admin\"},\"image\":{\"@id\":\"https:\/\/future-admin.com\/#logo\"}},{\"@type\":\"WebSite\",\"@id\":\"https:\/\/future-admin.com\/#website\",\"url\":\"https:\/\/future-admin.com\/\",\"name\":\"assistante administrative ind\u00e9pendante\",\"description\":\"assistante administrative ind\u00e9pendante pour PME et TPE\",\"publisher\":{\"@id\":\"https:\/\/future-admin.com\/#organization\"},\"potentialAction\":[{\"@type\":\"SearchAction\",\"target\":{\"@type\":\"EntryPoint\",\"urlTemplate\":\"https:\/\/future-admin.com\/?s={search_term_string}\"},\"query-input\":\"required name=search_term_string\"}],\"inLanguage\":\"fr-FR\"},{\"@type\":\"ImageObject\",\"@id\":\"https:\/\/future-admin.com\/index.php\/services\/#primaryimage\",\"inLanguage\":\"fr-FR\",\"url\":\"https:\/\/future-admin.com\/wp-content\/uploads\/2022\/03\/pexels-vojtech-okenka-392018-scaled.jpg\",\"contentUrl\":\"https:\/\/future-admin.com\/wp-content\/uploads\/2022\/03\/pexels-vojtech-okenka-392018-scaled.jpg\",\"width\":1920,\"height\":1280},{\"@type\":\"WebPage\",\"@id\":\"https:\/\/future-admin.com\/index.php\/services\/#webpage\",\"url\":\"https:\/\/future-admin.com\/index.php\/services\/\",\"name\":\"Services - assistante administrative ind\u00e9pendante\",\"isPartOf\":{\"@id\":\"https:\/\/future-admin.com\/#website\"},\"primaryImageOfPage\":{\"@id\":\"https:\/\/future-admin.com\/index.php\/services\/#primaryimage\"},\"datePublished\":\"2020-04-13T11:18:50+00:00\",\"dateModified\":\"2022-08-02T13:52:44+00:00\",\"description\":\"Services: assistance administrative \/ commerciale - services de soutien comptable - marketing et office management - secr\u00e9tariat\",\"breadcrumb\":{\"@id\":\"https:\/\/future-admin.com\/index.php\/services\/#breadcrumb\"},\"inLanguage\":\"fr-FR\",\"potentialAction\":[{\"@type\":\"ReadAction\",\"target\":[\"https:\/\/future-admin.com\/index.php\/services\/\"]}]},{\"@type\":\"BreadcrumbList\",\"@id\":\"https:\/\/future-admin.com\/index.php\/services\/#breadcrumb\",\"itemListElement\":[{\"@type\":\"ListItem\",\"position\":1,\"name\":\"Home\",\"item\":\"https:\/\/future-admin.com\/\"},{\"@type\":\"ListItem\",\"position\":2,\"name\":\"Services\"}]}]}<\/script>\n<!-- \/ Yoast SEO plugin. -->","yoast_head_json":{"title":"Services - assistante administrative ind\u00e9pendante","description":"Services: assistance administrative \/ commerciale - services de soutien comptable - marketing et office management - secr\u00e9tariat","robots":{"index":"index","follow":"follow","max-snippet":"max-snippet:-1","max-image-preview":"max-image-preview:large","max-video-preview":"max-video-preview:-1"},"canonical":"https:\/\/future-admin.com\/index.php\/services\/","og_locale":"fr_FR","og_type":"article","og_title":"Services - assistante administrative ind\u00e9pendante","og_description":"Services: assistance administrative \/ commerciale - services de soutien comptable - marketing et office management - secr\u00e9tariat","og_url":"https:\/\/future-admin.com\/index.php\/services\/","og_site_name":"assistante administrative ind\u00e9pendante","article_modified_time":"2022-08-02T13:52:44+00:00","og_image":[{"url":"https:\/\/future-admin.com\/wp-content\/uploads\/2022\/03\/pexels-vojtech-okenka-392018-1024x683.jpg"}],"twitter_card":"summary_large_image","twitter_misc":{"Dur\u00e9e de lecture estim\u00e9e":"2 minutes"},"schema":{"@context":"https:\/\/schema.org","@graph":[{"@type":"Organization","@id":"https:\/\/future-admin.com\/#organization","name":"Future-Admin","url":"https:\/\/future-admin.com\/","sameAs":[],"logo":{"@type":"ImageObject","@id":"https:\/\/future-admin.com\/#logo","inLanguage":"fr-FR","url":"https:\/\/future-admin.com\/wp-content\/uploads\/2022\/03\/LOGO-BLUE3-e1648030855777.png","contentUrl":"https:\/\/future-admin.com\/wp-content\/uploads\/2022\/03\/LOGO-BLUE3-e1648030855777.png","width":200,"height":202,"caption":"Future-Admin"},"image":{"@id":"https:\/\/future-admin.com\/#logo"}},{"@type":"WebSite","@id":"https:\/\/future-admin.com\/#website","url":"https:\/\/future-admin.com\/","name":"assistante administrative ind\u00e9pendante","description":"assistante administrative ind\u00e9pendante pour PME et TPE","publisher":{"@id":"https:\/\/future-admin.com\/#organization"},"potentialAction":[{"@type":"SearchAction","target":{"@type":"EntryPoint","urlTemplate":"https:\/\/future-admin.com\/?s={search_term_string}"},"query-input":"required name=search_term_string"}],"inLanguage":"fr-FR"},{"@type":"ImageObject","@id":"https:\/\/future-admin.com\/index.php\/services\/#primaryimage","inLanguage":"fr-FR","url":"https:\/\/future-admin.com\/wp-content\/uploads\/2022\/03\/pexels-vojtech-okenka-392018-scaled.jpg","contentUrl":"https:\/\/future-admin.com\/wp-content\/uploads\/2022\/03\/pexels-vojtech-okenka-392018-scaled.jpg","width":1920,"height":1280},{"@type":"WebPage","@id":"https:\/\/future-admin.com\/index.php\/services\/#webpage","url":"https:\/\/future-admin.com\/index.php\/services\/","name":"Services - assistante administrative ind\u00e9pendante","isPartOf":{"@id":"https:\/\/future-admin.com\/#website"},"primaryImageOfPage":{"@id":"https:\/\/future-admin.com\/index.php\/services\/#primaryimage"},"datePublished":"2020-04-13T11:18:50+00:00","dateModified":"2022-08-02T13:52:44+00:00","description":"Services: assistance administrative \/ commerciale - services de soutien comptable - marketing et office management - secr\u00e9tariat","breadcrumb":{"@id":"https:\/\/future-admin.com\/index.php\/services\/#breadcrumb"},"inLanguage":"fr-FR","potentialAction":[{"@type":"ReadAction","target":["https:\/\/future-admin.com\/index.php\/services\/"]}]},{"@type":"BreadcrumbList","@id":"https:\/\/future-admin.com\/index.php\/services\/#breadcrumb","itemListElement":[{"@type":"ListItem","position":1,"name":"Home","item":"https:\/\/future-admin.com\/"},{"@type":"ListItem","position":2,"name":"Services"}]}]}},"_links":{"self":[{"href":"https:\/\/future-admin.com\/index.php\/wp-json\/wp\/v2\/pages\/215"}],"collection":[{"href":"https:\/\/future-admin.com\/index.php\/wp-json\/wp\/v2\/pages"}],"about":[{"href":"https:\/\/future-admin.com\/index.php\/wp-json\/wp\/v2\/types\/page"}],"author":[{"embeddable":true,"href":"https:\/\/future-admin.com\/index.php\/wp-json\/wp\/v2\/users\/1"}],"replies":[{"embeddable":true,"href":"https:\/\/future-admin.com\/index.php\/wp-json\/wp\/v2\/comments?post=215"}],"version-history":[{"count":59,"href":"https:\/\/future-admin.com\/index.php\/wp-json\/wp\/v2\/pages\/215\/revisions"}],"predecessor-version":[{"id":806,"href":"https:\/\/future-admin.com\/index.php\/wp-json\/wp\/v2\/pages\/215\/revisions\/806"}],"wp:attachment":[{"href":"https:\/\/future-admin.com\/index.php\/wp-json\/wp\/v2\/media?parent=215"}],"curies":[{"name":"wp","href":"https:\/\/api.w.org\/{rel}","templated":true}]}}